{"id":3707,"date":"2017-10-05T14:57:50","date_gmt":"2017-10-05T16:57:50","guid":{"rendered":"http:\/\/vitro.uy\/nuevo\/?post_type=product&#038;p=3707"},"modified":"2019-08-16T16:36:15","modified_gmt":"2019-08-16T19:36:15","slug":"latex-acrilico","status":"publish","type":"product","link":"https:\/\/vitro.uy\/nuevo\/producto\/latex-acrilico\/","title":{"rendered":"L\u00e1tex"},"content":{"rendered":"<div class=\"container  \"><div  class='row ' ><div class=\"col-md-12 col-sm-18\" ><div class=\"ig_text \"><h1>L\u00e1tex<\/h1> \r\n<p>\r\n<h2>L\u00e1tex de m\u00e1xima calidad y rendimiento para su hogar<\/h2> \r\n<\/p>\r\n\r\nL\u00e1tex acr\u00edlico. De f\u00e1cil aplicaci\u00f3n, r\u00e1pido secado y optima terminaci\u00f3n en todo tipo de mamposter\u00eda y revoques. Formulada a partir de pigmentos, cargas, aditivos y un copolimero acr\u00edlico que le otorgan excelente resistencia a la alcalinidad propia de los sustratos cementicios.<\/div><\/div><\/div><\/div>","protected":false},"excerpt":{"rendered":"<strong>CARACTER\u00cdSTICAS:<\/strong>\r\n\r\nPintura al agua tipo l\u00e1tex acr\u00edlico anti hongos de alta calidad, resistencia y poder cubriente para paredes interiores y exteriores.\r\n\r\n<strong>Presentaciones:<\/strong>\r\n<ul>\r\n \t<li>1 lt.<\/li>\r\n \t<li>4\u00a0lt.<\/li>\r\n \t<li>10 lt.<\/li>\r\n \t<li>18 lt.<\/li>\r\n<\/ul>\r\n&nbsp;\r\n\r\n<a href=\"http:\/\/vitro.uy\/Fichas-Tecnicas\/Ficha-Tecnica-Latex.pdf\" target=\"_blank\" rel=\"noopener noreferrer\"><img loading=\"lazy\" class=\"alignnone size-full wp-image-3240\" src=\"http:\/\/www.vitro.uy\/nuevo\/wp-content\/uploads\/2013\/06\/adobe-pdf-icon-logo-vector-01.png\" alt=\"\" width=\"50\" height=\"50\" \/><\/a>\u00a0<a href=\"http:\/\/vitro.uy\/Fichas-Tecnicas\/Ficha-Tecnica-Latex.pdf\" target=\"_blank\" rel=\"noopener noreferrer\">Ficha T\u00e9cnica\u00a0L\u00e1tex acr\u00edlico<\/a>\r\n\r\n<a href=\"http:\/\/vitro.uy\/nuevo\/calculando-pintura\/\"><img loading=\"lazy\" class=\"alignnone size-full wp-image-3851\" src=\"http:\/\/vitro.uy\/nuevo\/wp-content\/uploads\/2017\/10\/Ic_Calculadora.jpg\" alt=\"\" width=\"40\" height=\"50\" \/><\/a>\u00a0<a href=\"http:\/\/vitro.uy\/nuevo\/calculando-pintura\/\">Calcular\u00a0litros de pintura<\/a>\r\n\r\n&nbsp;\r\n\r\n&nbsp;\r\n\r\n&nbsp;","protected":false},"featured_media":4295,"template":"","meta":[],"_links":{"self":[{"href":"https:\/\/vitro.uy\/nuevo\/wp-json\/wp\/v2\/product\/3707"}],"collection":[{"href":"https:\/\/vitro.uy\/nuevo\/wp-json\/wp\/v2\/product"}],"about":[{"href":"https:\/\/vitro.uy\/nuevo\/wp-json\/wp\/v2\/types\/product"}],"wp:featuredmedia":[{"embeddable":true,"href":"https:\/\/vitro.uy\/nuevo\/wp-json\/wp\/v2\/media\/4295"}],"wp:attachment":[{"href":"https:\/\/vitro.uy\/nuevo\/wp-json\/wp\/v2\/media?parent=3707"}],"curies":[{"name":"wp","href":"https:\/\/api.w.org\/{rel}","templated":true}]}}