{"id":3547,"date":"2015-09-05T14:35:44","date_gmt":"2015-09-05T17:35:44","guid":{"rendered":"http:\/\/www.vitroprueba.dev\/?post_type=product&#038;p=3547"},"modified":"2021-05-13T10:48:34","modified_gmt":"2021-05-13T13:48:34","slug":"latex-interior-profesional","status":"publish","type":"product","link":"https:\/\/vitro.uy\/nuevo\/producto\/latex-interior-profesional\/","title":{"rendered":"L\u00e1tex interior Profesional"},"content":{"rendered":"","protected":false},"excerpt":{"rendered":"L\u00e1tex Profesional. Pintura l\u00e1tex antihongos para paredes interiores no lavables.\r\n\r\n<strong>Presentaciones:<\/strong>\r\n<ul>\r\n \t<li>3,6 lt.<\/li>\r\n \t<li>18 lt.<\/li>\r\n<\/ul>\r\n<a href=\"http:\/\/vitro.uy\/nuevo\/calculando-pintura\/\"><img loading=\"lazy\" class=\"alignnone size-full wp-image-3851\" src=\"http:\/\/vitro.uy\/nuevo\/wp-content\/uploads\/2017\/10\/Ic_Calculadora.jpg\" alt=\"\" width=\"40\" height=\"50\" \/><\/a>\u00a0<a href=\"http:\/\/vitro.uy\/nuevo\/calculando-pintura\/\">Calcular\u00a0litros de pintura<\/a>\r\n\r\n&nbsp;","protected":false},"featured_media":4134,"template":"","meta":[],"_links":{"self":[{"href":"https:\/\/vitro.uy\/nuevo\/wp-json\/wp\/v2\/product\/3547"}],"collection":[{"href":"https:\/\/vitro.uy\/nuevo\/wp-json\/wp\/v2\/product"}],"about":[{"href":"https:\/\/vitro.uy\/nuevo\/wp-json\/wp\/v2\/types\/product"}],"wp:featuredmedia":[{"embeddable":true,"href":"https:\/\/vitro.uy\/nuevo\/wp-json\/wp\/v2\/media\/4134"}],"wp:attachment":[{"href":"https:\/\/vitro.uy\/nuevo\/wp-json\/wp\/v2\/media?parent=3547"}],"curies":[{"name":"wp","href":"https:\/\/api.w.org\/{rel}","templated":true}]}}