{"id":3355,"date":"2017-09-30T14:37:52","date_gmt":"2017-09-30T17:37:52","guid":{"rendered":"http:\/\/www.vitroprueba.dev\/?post_type=product&#038;p=3355"},"modified":"2020-10-23T16:47:28","modified_gmt":"2020-10-23T18:47:28","slug":"fondo-antioxido","status":"publish","type":"product","link":"https:\/\/vitro.uy\/nuevo\/producto\/fondo-antioxido\/","title":{"rendered":"Fondo anti\u00f3xido"},"content":{"rendered":"<div class=\"col-md-12 col-sm-18\" ><div class=\"ig_text \"><a id=\"a\" name=\"Carta\"><\/a> <\/div><div class=\"ig_text \"><p><p><h1>Fondo anti\u00f3xido<\/h1>\u00a0<\/p><p><p><h2>Con el Fondo anti\u00f3xido la belleza de los metales tendr\u00e1n mayor durabilidad<\/h2>\u00a0<\/p><\/p><\/p>Formulado a partir de materias \u00a0primas de primera calidad que le otorgan una excelente capacidad de inhibir la oxidaci\u00f3n, mejorar la adherencia y resistencia \u00a0a la acci\u00f3n de los agentes clim\u00e1ticos. De gran poder cubriente y f\u00e1cil aplicaci\u00f3n, por sus caracter\u00edsticas de textura y color, tambi\u00e9n puede ser utilizado como terminaci\u00f3n decorativa. Como imprimaci\u00f3n, el Fondo Anti\u00f3xido VITRO \u00a0mejora \u00a0notablemente \u00a0el anclaje y las propiedades anticorrosivas en un esquema de pintura tradicional con terminaci\u00f3n de esmalte sint\u00e9tico.<\/div><div style=\"border-bottom-width:2px;border-bottom-style:solid;border-bottom-color:#E0DEDE;margin-bottom:20px\"><\/div><h2 style=''>Carta de colores<\/h2><img src='http:\/\/www.vitro.uy\/nuevo\/wp-content\/uploads\/2017\/08\/Carta_Antioxido.jpg' style=\"margin-top:10px;margin-bottom:10px\" alt=''\/><\/div>","protected":false},"excerpt":{"rendered":"Fondo Anti\u00f3xido sint\u00e9tico para protecci\u00f3n del hierro y el acero en interiores y exteriores.\r\n\r\n<strong>Presentaciones:<\/strong>\r\n<ul>\r\n \t<li>0,25\u00a0lt.<\/li>\r\n \t<li>0,50\u00a0lt.<\/li>\r\n \t<li>1 lt.<\/li>\r\n \t<li>4\u00a0lt.<\/li>\r\n<\/ul>\r\n<a href=\"http:\/\/vitro.uy\/Fichas-Tecnicas\/Ficha-Tecnica-Fondo.pdf\" target=\"_blank\" rel=\"noopener noreferrer\"><img loading=\"lazy\" class=\"alignnone size-full wp-image-3240\" src=\"http:\/\/www.vitro.uy\/nuevo\/wp-content\/uploads\/2013\/06\/adobe-pdf-icon-logo-vector-01.png\" alt=\"\" width=\"50\" height=\"50\" \/><\/a>\u00a0<a href=\"http:\/\/vitro.uy\/Fichas-Tecnicas\/Ficha-Tecnica-Fondo.pdf\" target=\"_blank\" rel=\"noopener noreferrer\">Ficha T\u00e9cnica\u00a0Fondo anti\u00f3xido<\/a>\r\n\r\n<a href=\"#Carta\"><img loading=\"lazy\" class=\"alignnone size-full wp-image-3852\" src=\"http:\/\/vitro.uy\/nuevo\/wp-content\/uploads\/2017\/09\/Ic_Carta_Colores_2.jpg\" alt=\"\" width=\"61\" height=\"50\" \/><\/a>\u00a0<a href=\"#Carta\">Carta de colores<\/a>\r\n\r\n<a href=\"http:\/\/vitro.uy\/nuevo\/calculando-pintura\/\"><img loading=\"lazy\" class=\"alignnone size-full wp-image-3851\" src=\"http:\/\/vitro.uy\/nuevo\/wp-content\/uploads\/2017\/10\/Ic_Calculadora.jpg\" alt=\"\" width=\"40\" height=\"50\" \/><\/a>\u00a0<a href=\"http:\/\/vitro.uy\/nuevo\/calculando-pintura\/\">Calcular\u00a0litros de pintura<\/a>\r\n\r\n&nbsp;","protected":false},"featured_media":3356,"template":"","meta":[],"_links":{"self":[{"href":"https:\/\/vitro.uy\/nuevo\/wp-json\/wp\/v2\/product\/3355"}],"collection":[{"href":"https:\/\/vitro.uy\/nuevo\/wp-json\/wp\/v2\/product"}],"about":[{"href":"https:\/\/vitro.uy\/nuevo\/wp-json\/wp\/v2\/types\/product"}],"wp:featuredmedia":[{"embeddable":true,"href":"https:\/\/vitro.uy\/nuevo\/wp-json\/wp\/v2\/media\/3356"}],"wp:attachment":[{"href":"https:\/\/vitro.uy\/nuevo\/wp-json\/wp\/v2\/media?parent=3355"}],"curies":[{"name":"wp","href":"https:\/\/api.w.org\/{rel}","templated":true}]}}