{"id":2100,"date":"2013-06-07T08:27:38","date_gmt":"2013-06-07T11:27:38","guid":{"rendered":"http:\/\/demo2.woothemes.com\/woocommerce\/?post_type=product&#038;p=73"},"modified":"2018-01-22T16:35:10","modified_gmt":"2018-01-22T18:35:10","slug":"cielos_rasos","status":"publish","type":"product","link":"https:\/\/vitro.uy\/nuevo\/producto\/cielos_rasos\/","title":{"rendered":"Cielos rasos"},"content":{"rendered":"<div class=\"col-md-12 col-sm-18\" ><div class=\"ig_text \"><h1>Cielos rasos<\/h1> \r\n<p>\r\n<h2>Cielos rasos para para proteger y decorar el techo de su hogar.<\/h2> \r\n<\/p>\r\n\r\nCielos rasos tiene una \u00f3ptima terminaci\u00f3n blanco mate, que permite una perfecta difusi\u00f3n de la luz realzando la iluminaci\u00f3n en interiores. Formulada a partir de pigmentos, cargas, aditivos y un copolimero acr\u00edlico que le otorgan excelente \u00a0resistencia a la alcalinidad propia de los sustratos cementicios.<\/div><\/div>","protected":false},"excerpt":{"rendered":"Pintura al agua tipo l\u00e1tex acr\u00edlico anti hongos para cielos rasos. De alta permeabilidad y resistencia al desarrollo de hongos, f\u00e1cil aplicaci\u00f3n, r\u00e1pido secado.\r\n\r\n<strong>Presentaciones:<\/strong>\r\n<ul>\r\n \t<li>1 lt.<\/li>\r\n \t<li>4\u00a0lt.<\/li>\r\n \t<li>10 lt.<\/li>\r\n \t<li>18 lt.<\/li>\r\n<\/ul>\r\n<a href=\"http:\/\/vitro.uy\/Fichas-Tecnicas\/Ficha-Tecnica-Cielos-Rasos.pdf\" target=\"_blank\" rel=\"noopener noreferrer\"><img loading=\"lazy\" class=\"alignnone size-full wp-image-3240\" src=\"http:\/\/www.vitro.uy\/nuevo\/wp-content\/uploads\/2013\/06\/adobe-pdf-icon-logo-vector-01.png\" alt=\"\" width=\"50\" height=\"50\" \/><\/a>\u00a0<a href=\"http:\/\/vitro.uy\/Fichas-Tecnicas\/Ficha-Tecnica-Cielos-Rasos.pdf\" target=\"_blank\" rel=\"noopener noreferrer\">Ficha T\u00e9cnica\u00a0Cielos rasos<\/a>\r\n\r\n<a href=\"http:\/\/vitro.uy\/nuevo\/calculando-pintura\/\"><img loading=\"lazy\" class=\"alignnone size-full wp-image-3851\" src=\"http:\/\/vitro.uy\/nuevo\/wp-content\/uploads\/2017\/10\/Ic_Calculadora.jpg\" alt=\"\" width=\"40\" height=\"50\" \/><\/a>\u00a0<a href=\"http:\/\/vitro.uy\/nuevo\/calculando-pintura\/\">Calcular\u00a0litros de pintura<\/a>\r\n\r\n&nbsp;","protected":false},"featured_media":3452,"template":"","meta":[],"_links":{"self":[{"href":"https:\/\/vitro.uy\/nuevo\/wp-json\/wp\/v2\/product\/2100"}],"collection":[{"href":"https:\/\/vitro.uy\/nuevo\/wp-json\/wp\/v2\/product"}],"about":[{"href":"https:\/\/vitro.uy\/nuevo\/wp-json\/wp\/v2\/types\/product"}],"wp:featuredmedia":[{"embeddable":true,"href":"https:\/\/vitro.uy\/nuevo\/wp-json\/wp\/v2\/media\/3452"}],"wp:attachment":[{"href":"https:\/\/vitro.uy\/nuevo\/wp-json\/wp\/v2\/media?parent=2100"}],"curies":[{"name":"wp","href":"https:\/\/api.w.org\/{rel}","templated":true}]}}