{"id":4287,"date":"2019-08-16T14:03:26","date_gmt":"2019-08-16T17:03:26","guid":{"rendered":"http:\/\/vitro.uy\/nuevo\/?page_id=4287"},"modified":"2020-10-14T18:32:32","modified_gmt":"2020-10-14T20:32:32","slug":"pisos-fachadas-vitro-landing","status":"publish","type":"page","link":"https:\/\/vitro.uy\/nuevo\/pisos-fachadas-vitro-landing\/","title":{"rendered":""},"content":{"rendered":"<div class=\"container  \"><div  class='row ' ><div class=\"col-md-12 col-sm-18\" ><a href='http:\/\/vitro.uy\/nuevo\/producto\/pisos-y-fachadas\/'><img src='http:\/\/vitro.uy\/nuevo\/wp-content\/uploads\/2019\/08\/Landing_Page_Pisos_1.jpg' alt='Membrana l\u00edquida' style=\"margin-top:10px;margin-bottom:10px\" class=\"img-rounded\" alt=''\/><\/a><\/div><\/div><\/div><div class=\"container  \"><div  class='row ' ><div class=\"col-md-12 col-sm-18\" ><div class=\"ig_text \"><p style=\"text-align: center;\"><font color=\"#000000\"><span style=\"font-size: 16px;\">Pisos y fachadas es de f\u00e1cil aplicaci\u00f3n, r\u00e1pido secado y optima terminaci\u00f3n en interiores y exteriores.<\/span><\/font><br><\/p><\/div><\/div><\/div><\/div><div class=\"container  \"><div  class='row ' ><div class=\"col-md-12 col-sm-18\" ><\/div><\/div><\/div><div class=\"container  \"><div  class='row ' ><div class=\"col-md-4 col-sm-6\" ><a href='http:\/\/vitro.uy\/nuevo\/pintando-ladrillos\/' class='ig-image-fancy'><img src='http:\/\/vitro.uy\/nuevo\/wp-content\/uploads\/2019\/08\/Landing_Botones_Pintando_Ladrillos.jpg' alt='Videoblog' style=\"margin-top:10px;margin-bottom:10px\" class=\"img-rounded\" alt=''\/><\/a><\/div><div class=\"col-md-4 col-sm-6\" ><a href='http:\/\/vitro.uy\/nuevo\/calculando-pintura\/'><img src='http:\/\/vitro.uy\/nuevo\/wp-content\/uploads\/2019\/08\/Landing_Botones_Calculando_Pintura.jpg' alt='Elasticidad' style=\"margin-top:10px;margin-bottom:10px\" class=\"img-rounded\" alt=''\/><\/a><\/div><div class=\"col-md-4 col-sm-6\" ><a href='http:\/\/vitro.uy\/nuevo\/blog\/'><img src='http:\/\/vitro.uy\/nuevo\/wp-content\/uploads\/2019\/07\/Landing_Membrana_Botones_TUTOS-1.png' alt='Blog' style=\"margin-top:10px;margin-bottom:10px\" class=\"img-rounded\" alt=''\/><\/a><\/div><\/div><\/div><div class=\"container  \"><div  class='row ' ><div class=\"col-md-12 col-sm-18\" ><a href='http:\/\/vitro.uy\/nuevo\/compromiso-medioambiental\/'><img src='http:\/\/vitro.uy\/nuevo\/wp-content\/uploads\/2019\/07\/Landing_Medio_Ambiente-5.png' alt='Medio Ambiente' style=\"margin-top:10px;margin-bottom:10px\" alt=''\/><\/a><\/div><\/div><\/div>","protected":false},"excerpt":{"rendered":"","protected":false},"author":1,"featured_media":0,"parent":0,"menu_order":0,"comment_status":"closed","ping_status":"closed","template":"","meta":[],"_links":{"self":[{"href":"https:\/\/vitro.uy\/nuevo\/wp-json\/wp\/v2\/pages\/4287"}],"collection":[{"href":"https:\/\/vitro.uy\/nuevo\/wp-json\/wp\/v2\/pages"}],"about":[{"href":"https:\/\/vitro.uy\/nuevo\/wp-json\/wp\/v2\/types\/page"}],"author":[{"embeddable":true,"href":"https:\/\/vitro.uy\/nuevo\/wp-json\/wp\/v2\/users\/1"}],"replies":[{"embeddable":true,"href":"https:\/\/vitro.uy\/nuevo\/wp-json\/wp\/v2\/comments?post=4287"}],"version-history":[{"count":5,"href":"https:\/\/vitro.uy\/nuevo\/wp-json\/wp\/v2\/pages\/4287\/revisions"}],"predecessor-version":[{"id":4582,"href":"https:\/\/vitro.uy\/nuevo\/wp-json\/wp\/v2\/pages\/4287\/revisions\/4582"}],"wp:attachment":[{"href":"https:\/\/vitro.uy\/nuevo\/wp-json\/wp\/v2\/media?parent=4287"}],"curies":[{"name":"wp","href":"https:\/\/api.w.org\/{rel}","templated":true}]}}