{"id":4279,"date":"2019-08-12T11:50:44","date_gmt":"2019-08-12T14:50:44","guid":{"rendered":"http:\/\/vitro.uy\/nuevo\/?page_id=4279"},"modified":"2019-08-27T10:03:37","modified_gmt":"2019-08-27T13:03:37","slug":"barniz-sintetico-vitro-landing","status":"publish","type":"page","link":"https:\/\/vitro.uy\/nuevo\/barniz-sintetico-vitro-landing\/","title":{"rendered":""},"content":{"rendered":"<div class=\"container  \"><div  class='row ' ><div class=\"col-md-12 col-sm-18\" ><img src='http:\/\/vitro.uy\/nuevo\/wp-content\/uploads\/2019\/08\/Landing_Page_Barniz_Titulo.png' style=\"margin-top:10px;margin-bottom:10px\" alt=''\/><a href='http:\/\/vitro.uy\/nuevo\/producto\/barniz-sintetico\/'><img src='http:\/\/vitro.uy\/nuevo\/wp-content\/uploads\/2019\/08\/Landing_Page_Barniz_Sintetico.jpg' alt='Membrana l\u00edquida' style=\"margin-top:10px;margin-bottom:10px\" class=\"img-rounded\" alt=''\/><\/a><\/div><\/div><\/div><div class=\"container  \"><div  class='row ' ><div class=\"col-md-12 col-sm-18\" ><div class=\"ig_text \"><p style=\"text-align: center;\"><span style=\"font-size:16px;color:rgb(0,0,0);text-align: center;\">Barniz sint\u00e9tico para la protecci\u00f3n y decoraci\u00f3n de maderas en interiores y exteriores.<\/span><\/p><\/div><\/div><\/div><\/div><div class=\"container  \"><div  class='row ' ><div class=\"col-md-12 col-sm-18\" ><\/div><\/div><\/div><div class=\"container  \"><div  class='row ' ><div class=\"col-md-4 col-sm-6\" ><a href='http:\/\/vitro.uy\/nuevo\/barnizar-madera-nueva\/' class='ig-image-fancy'><img src='http:\/\/vitro.uy\/nuevo\/wp-content\/uploads\/2019\/08\/ViTRO_Barniz_Sintetico_Bot_1.png' alt='Videoblog' style=\"margin-top:10px;margin-bottom:10px\" class=\"img-rounded\" alt=''\/><\/a><\/div><div class=\"col-md-4 col-sm-6\" ><a href='http:\/\/vitro.uy\/nuevo\/quitar-astillas-entre-manos\/'><img src='http:\/\/vitro.uy\/nuevo\/wp-content\/uploads\/2019\/08\/ViTRO_Barniz_Sintetico_Bot_2.png' alt='Elasticidad' style=\"margin-top:10px;margin-bottom:10px\" class=\"img-rounded\" alt=''\/><\/a><\/div><div class=\"col-md-4 col-sm-6\" ><a href='http:\/\/vitro.uy\/nuevo\/blog\/'><img src='http:\/\/vitro.uy\/nuevo\/wp-content\/uploads\/2019\/07\/Landing_Membrana_Botones_TUTOS-1.png' alt='Blog' style=\"margin-top:10px;margin-bottom:10px\" class=\"img-rounded\" alt=''\/><\/a><\/div><\/div><\/div><div class=\"container  \"><div  class='row ' ><div class=\"col-md-12 col-sm-18\" ><a href='http:\/\/vitro.uy\/nuevo\/compromiso-medioambiental\/'><img src='http:\/\/vitro.uy\/nuevo\/wp-content\/uploads\/2019\/07\/Landing_Medio_Ambiente-5.png' alt='Medio Ambiente' style=\"margin-top:10px;margin-bottom:10px\" alt=''\/><\/a><\/div><\/div><\/div>","protected":false},"excerpt":{"rendered":"","protected":false},"author":1,"featured_media":0,"parent":0,"menu_order":0,"comment_status":"closed","ping_status":"closed","template":"","meta":[],"_links":{"self":[{"href":"https:\/\/vitro.uy\/nuevo\/wp-json\/wp\/v2\/pages\/4279"}],"collection":[{"href":"https:\/\/vitro.uy\/nuevo\/wp-json\/wp\/v2\/pages"}],"about":[{"href":"https:\/\/vitro.uy\/nuevo\/wp-json\/wp\/v2\/types\/page"}],"author":[{"embeddable":true,"href":"https:\/\/vitro.uy\/nuevo\/wp-json\/wp\/v2\/users\/1"}],"replies":[{"embeddable":true,"href":"https:\/\/vitro.uy\/nuevo\/wp-json\/wp\/v2\/comments?post=4279"}],"version-history":[{"count":9,"href":"https:\/\/vitro.uy\/nuevo\/wp-json\/wp\/v2\/pages\/4279\/revisions"}],"predecessor-version":[{"id":4341,"href":"https:\/\/vitro.uy\/nuevo\/wp-json\/wp\/v2\/pages\/4279\/revisions\/4341"}],"wp:attachment":[{"href":"https:\/\/vitro.uy\/nuevo\/wp-json\/wp\/v2\/media?parent=4279"}],"curies":[{"name":"wp","href":"https:\/\/api.w.org\/{rel}","templated":true}]}}