{"id":3606,"date":"2017-09-08T15:08:19","date_gmt":"2017-09-08T18:08:19","guid":{"rendered":"http:\/\/www.vitroprueba.dev\/?page_id=3606"},"modified":"2017-09-27T12:24:04","modified_gmt":"2017-09-27T15:24:04","slug":"objetivos","status":"publish","type":"page","link":"https:\/\/vitro.uy\/nuevo\/objetivos\/","title":{"rendered":"Objetivos"},"content":{"rendered":"<div class=\"container  \"><div  class='row ' ><div class=\"col-md-12 col-sm-18\" ><div class='text-center'><img src='http:\/\/www.vitro.uy\/nuevo\/wp-content\/uploads\/2017\/09\/Objetivos.jpg' alt='Objetivos' style=\"margin-top:10px;margin-bottom:10px\" class=\"img-rounded\" alt=''\/><\/div><div class=\"ig_text \"><p>La permanente b\u00fasqueda de un nuevo est\u00e1ndar de pinturas que de satisfacci\u00f3n plena a las demandas de nuestros consumidores es nuestro mayor objetivo.<\/p><p>Hoy nuestros productos satisfacen tanto al consumidor que busca calidad como al que busca precio. El desaf\u00edo es todos los d\u00edas y el objetivo es mantenerse en la investigaci\u00f3n y la mejora de nuestros productos y servicios, para que as\u00ed en Uruguay el mejor sin\u00f3nimo de pintura siga siendo <b>VITRO<\/b>.\u00a0<br><\/p><\/div><\/div><\/div><\/div>","protected":false},"excerpt":{"rendered":"","protected":false},"author":1,"featured_media":0,"parent":0,"menu_order":0,"comment_status":"closed","ping_status":"closed","template":"","meta":[],"_links":{"self":[{"href":"https:\/\/vitro.uy\/nuevo\/wp-json\/wp\/v2\/pages\/3606"}],"collection":[{"href":"https:\/\/vitro.uy\/nuevo\/wp-json\/wp\/v2\/pages"}],"about":[{"href":"https:\/\/vitro.uy\/nuevo\/wp-json\/wp\/v2\/types\/page"}],"author":[{"embeddable":true,"href":"https:\/\/vitro.uy\/nuevo\/wp-json\/wp\/v2\/users\/1"}],"replies":[{"embeddable":true,"href":"https:\/\/vitro.uy\/nuevo\/wp-json\/wp\/v2\/comments?post=3606"}],"version-history":[{"count":4,"href":"https:\/\/vitro.uy\/nuevo\/wp-json\/wp\/v2\/pages\/3606\/revisions"}],"predecessor-version":[{"id":3664,"href":"https:\/\/vitro.uy\/nuevo\/wp-json\/wp\/v2\/pages\/3606\/revisions\/3664"}],"wp:attachment":[{"href":"https:\/\/vitro.uy\/nuevo\/wp-json\/wp\/v2\/media?parent=3606"}],"curies":[{"name":"wp","href":"https:\/\/api.w.org\/{rel}","templated":true}]}}