{"id":3588,"date":"2017-09-08T14:21:06","date_gmt":"2017-09-08T17:21:06","guid":{"rendered":"http:\/\/www.vitroprueba.dev\/?page_id=3588"},"modified":"2017-09-29T14:34:47","modified_gmt":"2017-09-29T17:34:47","slug":"compromiso-medioambiental","status":"publish","type":"page","link":"https:\/\/vitro.uy\/nuevo\/compromiso-medioambiental\/","title":{"rendered":"Compromiso medioambiental"},"content":{"rendered":"<div class=\"container  \"><div  class='row ' ><div class=\"col-md-12 col-sm-18\" ><div class='text-center'><img src='http:\/\/vitro.uy\/nuevo\/wp-content\/uploads\/2017\/09\/Capybara3.jpg' style=\"margin-top:10px;margin-bottom:10px\" class=\"img-rounded\" alt=''\/><\/div><div class=\"ig_text \"><p><b>Cuidamos el medio ambiente,\u00a0<\/b>es un compromiso asumido por nuestra empresa que nos lleva a trabajar en forma continua en la reducci\u00f3n de los residuos y la minimizaci\u00f3n de los impactos ambientales para heredar a las generaciones siguientes un mundo y un ambiente mejor.\u00a0<\/p><p>Para lograr esto se aplican t\u00e9cnicas de redise\u00f1o de los procesos productivos y conceptos de <b>Producci\u00f3n m\u00e1s limpia<\/b> que permiten reducir los residuos, emisiones, riesgos e impactos sobre los seres humanos y el medio ambiente.<\/p><p><b>Redise\u00f1o de productos:<\/b> La sustituci\u00f3n de materias primas y materiales del proceso por materiales m\u00e1s amigables con el medio ambiente y que generen menos emisiones. \u00a0<\/p><p><b>Redise\u00f1o de procesos:<\/b> De forma de optimizar cada etapa de los procesos productivos desde que entran las materias primas hasta que sale el producto, aplicando t\u00e9cnicas de buenas pr\u00e1cticas de manufactura y tecnolog\u00edas de producci\u00f3n actualizadas.\u00a0<\/p><p><b>Mantenimiento de Instalaciones y equipos:<\/b>\u00a0Mediante el correcto mantenimiento predictivo y correctivo de los equipos e instalaciones minimizamos los reprocesos de producto, residuos, accidentes y por lo tanto emisiones al ambiente. Ya sea la eliminaci\u00f3n de p\u00e9rdidas de agua en ca\u00f1er\u00edas de f\u00e1brica, ba\u00f1os, perdidas de aire comprimido, de aceite en equipos, veh\u00edculos, etc., nos lleva a mejoras en las condiciones ambientales y disminuir residuos.<\/p><p><b>Administraci\u00f3n de recursos:<\/b> El control y racionalizaci\u00f3n del consumo de agua en procesos y limpieza de f\u00e1brica disminuye el uso y la generaci\u00f3n de efluentes industriales que posteriormente deben ser tratados y emitidos al ambiente.\u00a0<\/p><p>\u00a0La sustituci\u00f3n de iluminantes tradicionales del tipo incandescentes o bajo consumo a la tecnolog\u00eda Led tambi\u00e9n nos est\u00e1 llevando a la progresiva disminuci\u00f3n del consumo el\u00e9ctrico.<\/p><p><b>Reciclado y Reutilizaci\u00f3n:<\/b> Los residuos generados son clasificados seg\u00fan su material y son separados de estos los materiales que pueden ser reutilizados o reciclados. Entre ellos el papel, cart\u00f3n, polietileno, polipropileno, hojalata, hierro, pallets, etc., que son enviados a dep\u00f3sitos habilitados para ser reciclados.\u00a0<\/p><p>Gestionamos nuestro residuos s\u00f3lidos de acuerdo a nuestro <b>Plan de gesti\u00f3n de residuos<\/b> cuyo marco legal es el Decreto 182\/013 de 20 de junio de 2013, \u201cReglamento para la gesti\u00f3n ambientalmente adecuada de los residuos s\u00f3lidos industriales y asimilados\u201d. Sobre la base de este plan generamos los procedimientos e instructivos para la correcta selecci\u00f3n, preparaci\u00f3n y disposici\u00f3n final de nuestros residuos s\u00f3lidos.<\/p><p><br><\/p><p>Gestionamos nuestros efluentes industriales en nuestra planta de tratamiento de acuerdo a lo reglamentado en el decreto 253\/79 y a las disposiciones de la DINAMA y la IMM. \u00a0Realizamos el control de los par\u00e1metros del efluente mediante an\u00e1lisis de muestras en nuestro laboratorio y en un laboratorio externo certificado.<\/p><p><br><\/p><p>Nuestros productos son fabricados sin el agregado de Plomo, Cromo o mercurio y cumplen con el decreto 069\/11 que reglamenta el contenido de Plomo en pinturas. \u00a0<\/p><p>La ley nro. 17.775 del 20 de mayo \u201cPREVENCI\u00d3N DE LA CONTAMINACI\u00d3N POR PLOMO\u201d y su reglamentaci\u00f3n el decreto el <a href=\"http:\/\/www.mvotma.gub.uy\/plomo-en-pinturas\/item\/10002875-contenido-de-polomo-en-pinturas.html\">Decreto N\u00ba 069\/11<\/a> que entro en vigencia el 23 de febrero de 2011 en su art\u00edculo 1\u00b0 limitan el nivel m\u00e1ximo de plomo pinturas arquitect\u00f3nicas a 600ppm. Adem\u00e1s en los art\u00edculos siguientes de dicho decreto se referencian el registro, declaraci\u00f3n, muestras, an\u00e1lisis, etiquetado, etc., que deben cumplir las pinturas arquitect\u00f3nicas fabricadas y comercializadas en nuestro pa\u00eds.\u00a0<\/p><p>Nuestra empresa cumple con la totalidad de las solicitudes del decreto 069\/11 y controla el nivel de plomo en las pinturas mediante an\u00e1lisis de las mismas en un laboratorio externo certificado.<\/p><p><br><\/p><p>En Pinturas VITRO asumimos con responsabilidad y orgullo el cuidado del medio ambiente. Seguiremos fortaleciendo este compromiso para reducir la huella ecol\u00f3gica y as\u00ed entregar a las generaciones futuras un pa\u00eds ecol\u00f3gicamente sustentable.<\/p><\/div><\/div><\/div><\/div>","protected":false},"excerpt":{"rendered":"","protected":false},"author":1,"featured_media":0,"parent":0,"menu_order":0,"comment_status":"closed","ping_status":"closed","template":"","meta":[],"_links":{"self":[{"href":"https:\/\/vitro.uy\/nuevo\/wp-json\/wp\/v2\/pages\/3588"}],"collection":[{"href":"https:\/\/vitro.uy\/nuevo\/wp-json\/wp\/v2\/pages"}],"about":[{"href":"https:\/\/vitro.uy\/nuevo\/wp-json\/wp\/v2\/types\/page"}],"author":[{"embeddable":true,"href":"https:\/\/vitro.uy\/nuevo\/wp-json\/wp\/v2\/users\/1"}],"replies":[{"embeddable":true,"href":"https:\/\/vitro.uy\/nuevo\/wp-json\/wp\/v2\/comments?post=3588"}],"version-history":[{"count":6,"href":"https:\/\/vitro.uy\/nuevo\/wp-json\/wp\/v2\/pages\/3588\/revisions"}],"predecessor-version":[{"id":3592,"href":"https:\/\/vitro.uy\/nuevo\/wp-json\/wp\/v2\/pages\/3588\/revisions\/3592"}],"wp:attachment":[{"href":"https:\/\/vitro.uy\/nuevo\/wp-json\/wp\/v2\/media?parent=3588"}],"curies":[{"name":"wp","href":"https:\/\/api.w.org\/{rel}","templated":true}]}}